{"id":995,"date":"2022-02-09T18:25:25","date_gmt":"2022-02-09T18:25:25","guid":{"rendered":"https:\/\/alfajirienergy.com\/?page_id=995"},"modified":"2024-01-12T20:05:49","modified_gmt":"2024-01-12T20:05:49","slug":"social","status":"publish","type":"page","link":"https:\/\/alfajirienergy.com\/fr\/social\/","title":{"rendered":"Social"},"content":{"rendered":"<div data-elementor-type=\"wp-page\" data-elementor-id=\"995\" class=\"elementor elementor-995\" data-elementor-settings=\"[]\">\n\t\t\t\t\t\t\t<div class=\"elementor-section-wrap\">\n\t\t\t\t\t\t\t<section class=\"elementor-section elementor-top-section elementor-element elementor-element-9072183 elementor-section-height-min-height elementor-section-full_width elementor-section-stretched elementor-section-height-default elementor-section-items-middle exad-glass-effect-no exad-sticky-section-no\" data-id=\"9072183\" data-element_type=\"section\" data-settings=\"{&quot;background_background&quot;:&quot;classic&quot;,&quot;stretch_section&quot;:&quot;section-stretched&quot;}\">\n\t\t\t\t\t\t\t<div class=\"elementor-background-overlay\"><\/div>\n\t\t\t\t\t\t\t<div class=\"elementor-container elementor-column-gap-no\">\n\t\t\t\t\t<div class=\"elementor-column elementor-col-100 elementor-top-column elementor-element elementor-element-315d0e1 exad-glass-effect-no exad-sticky-section-no\" data-id=\"315d0e1\" data-element_type=\"column\">\n\t\t\t<div class=\"elementor-widget-wrap\">\n\t\t\t\t\t\t\t\t\t<\/div>\n\t\t<\/div>\n\t\t\t\t\t\t\t<\/div>\n\t\t<\/section>\n\t\t\t\t<section class=\"elementor-section elementor-top-section elementor-element elementor-element-5d78fe5c elementor-section-content-middle elementor-section-boxed elementor-section-height-default elementor-section-height-default exad-glass-effect-no exad-sticky-section-no\" data-id=\"5d78fe5c\" data-element_type=\"section\">\n\t\t\t\t\t\t<div class=\"elementor-container elementor-column-gap-default\">\n\t\t\t\t\t<div class=\"elementor-column elementor-col-100 elementor-top-column elementor-element elementor-element-3adad76a exad-glass-effect-no exad-sticky-section-no\" data-id=\"3adad76a\" data-element_type=\"column\">\n\t\t\t<div class=\"elementor-widget-wrap elementor-element-populated\">\n\t\t\t\t\t\t\t\t<div class=\"elementor-element elementor-element-62ffd4e5 exad-sticky-section-no exad-glass-effect-no elementor-widget elementor-widget-heading\" data-id=\"62ffd4e5\" data-element_type=\"widget\" data-widget_type=\"heading.default\">\n\t\t\t\t<div class=\"elementor-widget-container\">\n\t\t\t<style>\/*! elementor - v3.5.6 - 28-02-2022 *\/\n.elementor-heading-title{padding:0;margin:0;line-height:1}.elementor-widget-heading .elementor-heading-title[class*=elementor-size-]>a{color:inherit;font-size:inherit;line-height:inherit}.elementor-widget-heading .elementor-heading-title.elementor-size-small{font-size:15px}.elementor-widget-heading .elementor-heading-title.elementor-size-medium{font-size:19px}.elementor-widget-heading .elementor-heading-title.elementor-size-large{font-size:29px}.elementor-widget-heading .elementor-heading-title.elementor-size-xl{font-size:39px}.elementor-widget-heading .elementor-heading-title.elementor-size-xxl{font-size:59px}<\/style><h6 class=\"elementor-heading-title elementor-size-small\">Notre projet vise \u00e0 apporter les b\u00e9n\u00e9fices socio-\u00e9conomiques suivants dans la r\u00e9gion et en particulier dans les provinces du Nord et du Sud-Kivu :<\/h6>\t\t<\/div>\n\t\t\t\t<\/div>\n\t\t\t\t\t<\/div>\n\t\t<\/div>\n\t\t\t\t\t\t\t<\/div>\n\t\t<\/section>\n\t\t\t\t<section class=\"elementor-section elementor-top-section elementor-element elementor-element-30e7349 elementor-section-boxed elementor-section-height-default elementor-section-height-default exad-glass-effect-no exad-sticky-section-no\" data-id=\"30e7349\" data-element_type=\"section\">\n\t\t\t\t\t\t<div class=\"elementor-container elementor-column-gap-default\">\n\t\t\t\t\t<div class=\"elementor-column elementor-col-50 elementor-top-column elementor-element elementor-element-905a62b exad-glass-effect-no exad-sticky-section-no\" data-id=\"905a62b\" data-element_type=\"column\">\n\t\t\t<div class=\"elementor-widget-wrap elementor-element-populated\">\n\t\t\t\t\t\t\t\t<section class=\"elementor-section elementor-inner-section elementor-element elementor-element-e393309 elementor-section-boxed elementor-section-height-default elementor-section-height-default exad-glass-effect-no exad-sticky-section-no\" data-id=\"e393309\" data-element_type=\"section\">\n\t\t\t\t\t\t<div class=\"elementor-container elementor-column-gap-default\">\n\t\t\t\t\t<div class=\"elementor-column elementor-col-100 elementor-inner-column elementor-element elementor-element-ea77fac exad-glass-effect-no exad-sticky-section-no\" data-id=\"ea77fac\" data-element_type=\"column\">\n\t\t\t<div class=\"elementor-widget-wrap elementor-element-populated\">\n\t\t\t\t\t\t\t\t<div class=\"elementor-element elementor-element-680c42b exad-sticky-section-no exad-glass-effect-no elementor-widget elementor-widget-text-editor\" data-id=\"680c42b\" data-element_type=\"widget\" data-widget_type=\"text-editor.default\">\n\t\t\t\t<div class=\"elementor-widget-container\">\n\t\t\t<style>\/*! elementor - v3.5.6 - 28-02-2022 *\/\n.elementor-widget-text-editor.elementor-drop-cap-view-stacked .elementor-drop-cap{background-color:#818a91;color:#fff}.elementor-widget-text-editor.elementor-drop-cap-view-framed .elementor-drop-cap{color:#818a91;border:3px solid;background-color:transparent}.elementor-widget-text-editor:not(.elementor-drop-cap-view-default) .elementor-drop-cap{margin-top:8px}.elementor-widget-text-editor:not(.elementor-drop-cap-view-default) .elementor-drop-cap-letter{width:1em;height:1em}.elementor-widget-text-editor .elementor-drop-cap{float:left;text-align:center;line-height:1;font-size:50px}.elementor-widget-text-editor .elementor-drop-cap-letter{display:inline-block}<\/style>\t\t\t\t<ul><li>R\u00e9duire le risque d'\u00e9ruption limnique du lac Kivu et apaiser les millions de personnes vivant autour du lac.<\/li><li>Permettre de meilleures opportunit\u00e9s \u00e9conomiques dans la r\u00e9gion en fournissant de l'\u00e9nergie sous forme d'\u00e9lectricit\u00e9 et de gaz.<\/li><li>Cr\u00e9er des emplois durables directs et indirects<\/li><li>Contribuer \u00e0 une meilleure \u00e9ducation et \u00e0 un acc\u00e8s facile \u00e0 l'information<\/li><li>Am\u00e9liorer les conditions de vie, dont les femmes et les enfants souffrent le plus lorsqu'elles sont pr\u00e9caires<\/li><li>Approvisionner les villages autour de la centrale \u00e9lectrique en eau potable<\/li><li>Promouvoir et consolider la paix dans la r\u00e9gion en attirant des capitaux \u00e9trangers et en cr\u00e9ant des emplois durables directement ou indirectement li\u00e9s au projet<\/li><li>Contribuer \u00e0 r\u00e9duire le travail des enfants par un meilleur emploi des parents<\/li><li>Augmenter les revenus de l'Etat congolais par le paiement de taxes<\/li><\/ul>\t\t\t\t\t\t<\/div>\n\t\t\t\t<\/div>\n\t\t\t\t\t<\/div>\n\t\t<\/div>\n\t\t\t\t\t\t\t<\/div>\n\t\t<\/section>\n\t\t\t\t\t<\/div>\n\t\t<\/div>\n\t\t\t\t<div class=\"elementor-column elementor-col-50 elementor-top-column elementor-element elementor-element-f42b7e1 exad-glass-effect-no exad-sticky-section-no\" data-id=\"f42b7e1\" data-element_type=\"column\">\n\t\t\t<div class=\"elementor-widget-wrap elementor-element-populated\">\n\t\t\t\t\t\t\t\t<div class=\"elementor-element elementor-element-efe473f exad-sticky-section-no exad-glass-effect-no elementor-widget elementor-widget-text-editor\" data-id=\"efe473f\" data-element_type=\"widget\" data-widget_type=\"text-editor.default\">\n\t\t\t\t<div class=\"elementor-widget-container\">\n\t\t\t\t\t\t\t<p><strong>The Project Perfectly Aligns with United Nations Socio-economic Development Goals:<\/strong><\/p><p>1. Pas de pauvret\u00e9<br \/>2. Faim z\u00e9ro<br \/>3. Bonne sant\u00e9 et bien-\u00eatre<br \/>4. Bonne \u00e9ducation<br \/>5. \u00c9galit\u00e9 des sexes<br \/>6. Eau propre et assainissement<br \/>7. Une \u00e9nergie propre et abordable<br \/>8. Travail d\u00e9cent et croissance \u00e9conomique<br \/>9. Industrie, innovation et infrastructures<br \/>10. R\u00e9duction des in\u00e9galit\u00e9s<br \/>11. Villes et communaut\u00e9s durables<br \/>12. Consommation et production responsables<br \/>13. Action pour le climat<br \/>14. La vie sous l'eau<br \/>15. La vie sur terre<br \/>16. Paix, justice et institutions fortes<br \/>17. Partenariats<\/p>\t\t\t\t\t\t<\/div>\n\t\t\t\t<\/div>\n\t\t\t\t\t<\/div>\n\t\t<\/div>\n\t\t\t\t\t\t\t<\/div>\n\t\t<\/section>\n\t\t\t\t\t\t<\/div>\n\t\t\t\t\t<\/div>","protected":false},"excerpt":{"rendered":"<p>Our project aims at bringing the following socio-economic benefits in the region and in particular the North and South-Kivu provinces: Reduce the risk of limnic eruption of Lake Kivu and appease millions of people living around the lake. Enable better economic opportunities in the region by providing energy in the form of electricity and gas. [&hellip;]<\/p>","protected":false},"author":1,"featured_media":0,"parent":0,"menu_order":0,"comment_status":"closed","ping_status":"closed","template":"elementor_header_footer","meta":[],"_links":{"self":[{"href":"https:\/\/alfajirienergy.com\/fr\/wp-json\/wp\/v2\/pages\/995"}],"collection":[{"href":"https:\/\/alfajirienergy.com\/fr\/wp-json\/wp\/v2\/pages"}],"about":[{"href":"https:\/\/alfajirienergy.com\/fr\/wp-json\/wp\/v2\/types\/page"}],"author":[{"embeddable":true,"href":"https:\/\/alfajirienergy.com\/fr\/wp-json\/wp\/v2\/users\/1"}],"replies":[{"embeddable":true,"href":"https:\/\/alfajirienergy.com\/fr\/wp-json\/wp\/v2\/comments?post=995"}],"version-history":[{"count":144,"href":"https:\/\/alfajirienergy.com\/fr\/wp-json\/wp\/v2\/pages\/995\/revisions"}],"predecessor-version":[{"id":2257,"href":"https:\/\/alfajirienergy.com\/fr\/wp-json\/wp\/v2\/pages\/995\/revisions\/2257"}],"wp:attachment":[{"href":"https:\/\/alfajirienergy.com\/fr\/wp-json\/wp\/v2\/media?parent=995"}],"curies":[{"name":"wp","href":"https:\/\/api.w.org\/{rel}","templated":true}]}}