{"id":878,"date":"2022-02-09T00:20:11","date_gmt":"2022-02-09T00:20:11","guid":{"rendered":"https:\/\/alfajirienergy.com\/?page_id=878"},"modified":"2022-02-10T23:17:24","modified_gmt":"2022-02-10T23:17:24","slug":"governance","status":"publish","type":"page","link":"https:\/\/alfajirienergy.com\/fr\/governance\/","title":{"rendered":"Gouvernance"},"content":{"rendered":"<div data-elementor-type=\"wp-page\" data-elementor-id=\"878\" class=\"elementor elementor-878\" data-elementor-settings=\"[]\">\n\t\t\t\t\t\t\t<div class=\"elementor-section-wrap\">\n\t\t\t\t\t\t\t<section class=\"elementor-section elementor-top-section elementor-element elementor-element-8675077 elementor-section-height-min-height elementor-section-boxed elementor-section-height-default elementor-section-items-middle exad-glass-effect-no exad-sticky-section-no\" data-id=\"8675077\" data-element_type=\"section\" data-settings=\"{&quot;background_background&quot;:&quot;classic&quot;}\">\n\t\t\t\t\t\t\t<div class=\"elementor-background-overlay\"><\/div>\n\t\t\t\t\t\t\t<div class=\"elementor-container elementor-column-gap-default\">\n\t\t\t\t\t<div class=\"elementor-column elementor-col-100 elementor-top-column elementor-element elementor-element-8e9a14b exad-glass-effect-no exad-sticky-section-no\" data-id=\"8e9a14b\" data-element_type=\"column\">\n\t\t\t<div class=\"elementor-widget-wrap\">\n\t\t\t\t\t\t\t\t\t<\/div>\n\t\t<\/div>\n\t\t\t\t\t\t\t<\/div>\n\t\t<\/section>\n\t\t\t\t<section class=\"elementor-section elementor-top-section elementor-element elementor-element-77968a9 elementor-section-boxed elementor-section-height-default elementor-section-height-default exad-glass-effect-no exad-sticky-section-no\" data-id=\"77968a9\" data-element_type=\"section\">\n\t\t\t\t\t\t<div class=\"elementor-container elementor-column-gap-default\">\n\t\t\t\t\t<div class=\"elementor-column elementor-col-100 elementor-top-column elementor-element elementor-element-166faac exad-glass-effect-no exad-sticky-section-no\" data-id=\"166faac\" data-element_type=\"column\">\n\t\t\t<div class=\"elementor-widget-wrap elementor-element-populated\">\n\t\t\t\t\t\t\t\t<div class=\"elementor-element elementor-element-fcfc63d exad-sticky-section-no exad-glass-effect-no elementor-widget elementor-widget-text-editor\" data-id=\"fcfc63d\" data-element_type=\"widget\" data-widget_type=\"text-editor.default\">\n\t\t\t\t<div class=\"elementor-widget-container\">\n\t\t\t<style>\/*! elementor - v3.5.6 - 28-02-2022 *\/\n.elementor-widget-text-editor.elementor-drop-cap-view-stacked .elementor-drop-cap{background-color:#818a91;color:#fff}.elementor-widget-text-editor.elementor-drop-cap-view-framed .elementor-drop-cap{color:#818a91;border:3px solid;background-color:transparent}.elementor-widget-text-editor:not(.elementor-drop-cap-view-default) .elementor-drop-cap{margin-top:8px}.elementor-widget-text-editor:not(.elementor-drop-cap-view-default) .elementor-drop-cap-letter{width:1em;height:1em}.elementor-widget-text-editor .elementor-drop-cap{float:left;text-align:center;line-height:1;font-size:50px}.elementor-widget-text-editor .elementor-drop-cap-letter{display:inline-block}<\/style>\t\t\t\t<p><strong>Chez Alfajiri Energy, nous serons guid\u00e9s par nos valeurs fondamentales<\/strong><\/p><p>Int\u00e9grit\u00e9, Attention, Excellence, Objectif<\/p><p>Nous nous conduirons toujours avec la plus grande int\u00e9grit\u00e9 et nous nous efforcerons de gagner la confiance de toutes nos parties prenantes.<\/p><p>Toutes nos actions seront guid\u00e9es par le souci de la communaut\u00e9 dans laquelle nous travaillons, de l'environnement et de nos partenaires.<\/p><p><strong>Nous \u00e9tablirons des indicateurs de performance cl\u00e9s, des objectifs quantifiables et une v\u00e9rification externe dans les rapports environnementaux, sociaux et de gouvernance<\/strong><\/p><p><strong>Nous comparerons nos indicateurs cl\u00e9s de performance et nos objectifs ESG \u00e0 ceux de nos concurrents ou d'autres sources externes<\/strong><\/p><p><strong>\u00a0<\/strong><strong>Nous chercherons \u00e0 obtenir une assurance externe et ind\u00e9pendante pour nos mesures li\u00e9es \u00e0 l'ESG.<\/strong><\/p>\t\t\t\t\t\t<\/div>\n\t\t\t\t<\/div>\n\t\t\t\t\t<\/div>\n\t\t<\/div>\n\t\t\t\t\t\t\t<\/div>\n\t\t<\/section>\n\t\t\t\t\t\t<\/div>\n\t\t\t\t\t<\/div>","protected":false},"excerpt":{"rendered":"<p>At Alfajiri Energy, we will be driven by our core values Integrity, Caring, Excellence, Purpose We will always conduct ourselves with outmost integrity and strive to earn the trust of all our stakeholders. Everything we do will be driven by care to the community we work in, the environment and our stakeholders. We will establish [&hellip;]<\/p>","protected":false},"author":2,"featured_media":0,"parent":0,"menu_order":0,"comment_status":"closed","ping_status":"closed","template":"elementor_header_footer","meta":[],"_links":{"self":[{"href":"https:\/\/alfajirienergy.com\/fr\/wp-json\/wp\/v2\/pages\/878"}],"collection":[{"href":"https:\/\/alfajirienergy.com\/fr\/wp-json\/wp\/v2\/pages"}],"about":[{"href":"https:\/\/alfajirienergy.com\/fr\/wp-json\/wp\/v2\/types\/page"}],"author":[{"embeddable":true,"href":"https:\/\/alfajirienergy.com\/fr\/wp-json\/wp\/v2\/users\/2"}],"replies":[{"embeddable":true,"href":"https:\/\/alfajirienergy.com\/fr\/wp-json\/wp\/v2\/comments?post=878"}],"version-history":[{"count":19,"href":"https:\/\/alfajirienergy.com\/fr\/wp-json\/wp\/v2\/pages\/878\/revisions"}],"predecessor-version":[{"id":1289,"href":"https:\/\/alfajirienergy.com\/fr\/wp-json\/wp\/v2\/pages\/878\/revisions\/1289"}],"wp:attachment":[{"href":"https:\/\/alfajirienergy.com\/fr\/wp-json\/wp\/v2\/media?parent=878"}],"curies":[{"name":"wp","href":"https:\/\/api.w.org\/{rel}","templated":true}]}}