{"id":796,"date":"2022-02-09T00:31:10","date_gmt":"2022-02-09T00:31:10","guid":{"rendered":"https:\/\/alfajirienergy.com\/?page_id=796"},"modified":"2023-12-27T19:51:38","modified_gmt":"2023-12-27T19:51:38","slug":"environmental","status":"publish","type":"page","link":"https:\/\/alfajirienergy.com\/fr\/environmental\/","title":{"rendered":"Environnemental"},"content":{"rendered":"<div data-elementor-type=\"wp-page\" data-elementor-id=\"796\" class=\"elementor elementor-796\" data-elementor-settings=\"[]\">\n\t\t\t\t\t\t\t<div class=\"elementor-section-wrap\">\n\t\t\t\t\t\t\t<section class=\"elementor-section elementor-top-section elementor-element elementor-element-0c9390f elementor-section-height-min-height elementor-section-full_width elementor-section-height-default elementor-section-items-middle exad-glass-effect-no exad-sticky-section-no\" data-id=\"0c9390f\" data-element_type=\"section\" data-settings=\"{&quot;background_background&quot;:&quot;classic&quot;}\">\n\t\t\t\t\t\t\t<div class=\"elementor-background-overlay\"><\/div>\n\t\t\t\t\t\t\t<div class=\"elementor-container elementor-column-gap-default\">\n\t\t\t\t\t<div class=\"elementor-column elementor-col-100 elementor-top-column elementor-element elementor-element-1d90344 exad-glass-effect-no exad-sticky-section-no\" data-id=\"1d90344\" data-element_type=\"column\">\n\t\t\t<div class=\"elementor-widget-wrap\">\n\t\t\t\t\t\t\t\t\t<\/div>\n\t\t<\/div>\n\t\t\t\t\t\t\t<\/div>\n\t\t<\/section>\n\t\t\t\t<section class=\"elementor-section elementor-top-section elementor-element elementor-element-76228ca elementor-section-height-min-height elementor-section-boxed elementor-section-height-default elementor-section-items-middle exad-glass-effect-no exad-sticky-section-no\" data-id=\"76228ca\" data-element_type=\"section\">\n\t\t\t\t\t\t<div class=\"elementor-container elementor-column-gap-no\">\n\t\t\t\t\t<div class=\"elementor-column elementor-col-100 elementor-top-column elementor-element elementor-element-ccb89f0 exad-glass-effect-no exad-sticky-section-no\" data-id=\"ccb89f0\" data-element_type=\"column\">\n\t\t\t<div class=\"elementor-widget-wrap elementor-element-populated\">\n\t\t\t\t\t\t\t\t<div class=\"elementor-element elementor-element-cdf5ec6 exad-sticky-section-no exad-glass-effect-no elementor-widget elementor-widget-text-editor\" data-id=\"cdf5ec6\" data-element_type=\"widget\" data-widget_type=\"text-editor.default\">\n\t\t\t\t<div class=\"elementor-widget-container\">\n\t\t\t<style>\/*! elementor - v3.5.6 - 28-02-2022 *\/\n.elementor-widget-text-editor.elementor-drop-cap-view-stacked .elementor-drop-cap{background-color:#818a91;color:#fff}.elementor-widget-text-editor.elementor-drop-cap-view-framed .elementor-drop-cap{color:#818a91;border:3px solid;background-color:transparent}.elementor-widget-text-editor:not(.elementor-drop-cap-view-default) .elementor-drop-cap{margin-top:8px}.elementor-widget-text-editor:not(.elementor-drop-cap-view-default) .elementor-drop-cap-letter{width:1em;height:1em}.elementor-widget-text-editor .elementor-drop-cap{float:left;text-align:center;line-height:1;font-size:50px}.elementor-widget-text-editor .elementor-drop-cap-letter{display:inline-block}<\/style>\t\t\t\t<p>Our project aims at bringing the following environmental benefits in the region and in particular the North and South-Kivu provinces:<\/p><ul><li>Emp\u00eacher la lib\u00e9ration soudaine de milliards de m\u00e8tres cubes de m\u00e9thane et de dioxyde de carbone dans l'atmosph\u00e8re.<\/li><li>Promouvoir un d\u00e9veloppement rural durable<\/li><li>Aidez \u00e0 pr\u00e9server la deuxi\u00e8me for\u00eat tropicale du monde<\/li><li>D\u00e9pendance \u00e0 l'\u00e9gard des \u00e9nergies renouvelables<\/li><li>Contribuer \u00e0 pr\u00e9server la biodiversit\u00e9 notamment dans les parcs nationaux<\/li><li>Promouvoir la gestion de l'\u00e9cosyst\u00e8me du lac Kivu.<\/li><\/ul>\t\t\t\t\t\t<\/div>\n\t\t\t\t<\/div>\n\t\t\t\t\t<\/div>\n\t\t<\/div>\n\t\t\t\t\t\t\t<\/div>\n\t\t<\/section>\n\t\t\t\t\t\t<\/div>\n\t\t\t\t\t<\/div>","protected":false},"excerpt":{"rendered":"<p>Our project aims at bringing the following environmental benefits in the region and in particular the North and South-Kivu provinces: Prevent sudden release of billion of cubic meters of methane and carbon dioxide into the atmosphere. Promote sustainable rural development Help preserve the world\u2019s second rain forest Reliance on renewable energy Help preserve biodiversity particularly [&hellip;]<\/p>","protected":false},"author":2,"featured_media":0,"parent":0,"menu_order":0,"comment_status":"closed","ping_status":"closed","template":"elementor_header_footer","meta":[],"_links":{"self":[{"href":"https:\/\/alfajirienergy.com\/fr\/wp-json\/wp\/v2\/pages\/796"}],"collection":[{"href":"https:\/\/alfajirienergy.com\/fr\/wp-json\/wp\/v2\/pages"}],"about":[{"href":"https:\/\/alfajirienergy.com\/fr\/wp-json\/wp\/v2\/types\/page"}],"author":[{"embeddable":true,"href":"https:\/\/alfajirienergy.com\/fr\/wp-json\/wp\/v2\/users\/2"}],"replies":[{"embeddable":true,"href":"https:\/\/alfajirienergy.com\/fr\/wp-json\/wp\/v2\/comments?post=796"}],"version-history":[{"count":83,"href":"https:\/\/alfajirienergy.com\/fr\/wp-json\/wp\/v2\/pages\/796\/revisions"}],"predecessor-version":[{"id":2026,"href":"https:\/\/alfajirienergy.com\/fr\/wp-json\/wp\/v2\/pages\/796\/revisions\/2026"}],"wp:attachment":[{"href":"https:\/\/alfajirienergy.com\/fr\/wp-json\/wp\/v2\/media?parent=796"}],"curies":[{"name":"wp","href":"https:\/\/api.w.org\/{rel}","templated":true}]}}