{"id":574,"date":"2022-02-01T21:59:38","date_gmt":"2022-02-01T21:59:38","guid":{"rendered":"https:\/\/alfajirienergy.com\/?page_id=574"},"modified":"2024-01-09T19:05:52","modified_gmt":"2024-01-09T19:05:52","slug":"esg-responsibilities","status":"publish","type":"page","link":"https:\/\/alfajirienergy.com\/fr\/esg-responsibilities\/","title":{"rendered":"Responsabilit\u00e9s ESG"},"content":{"rendered":"<div data-elementor-type=\"wp-page\" data-elementor-id=\"574\" class=\"elementor elementor-574\" data-elementor-settings=\"[]\">\n\t\t\t\t\t\t\t<div class=\"elementor-section-wrap\">\n\t\t\t\t\t\t\t<section class=\"elementor-section elementor-top-section elementor-element elementor-element-57d6d62 elementor-section-height-min-height elementor-section-boxed elementor-section-height-default elementor-section-items-middle exad-glass-effect-no exad-sticky-section-no\" data-id=\"57d6d62\" data-element_type=\"section\" data-settings=\"{&quot;background_background&quot;:&quot;classic&quot;}\">\n\t\t\t\t\t\t<div class=\"elementor-container elementor-column-gap-default\">\n\t\t\t\t\t<div class=\"elementor-column elementor-col-100 elementor-top-column elementor-element elementor-element-810c3ce exad-glass-effect-no exad-sticky-section-no\" data-id=\"810c3ce\" data-element_type=\"column\">\n\t\t\t<div class=\"elementor-widget-wrap\">\n\t\t\t\t\t\t\t\t\t<\/div>\n\t\t<\/div>\n\t\t\t\t\t\t\t<\/div>\n\t\t<\/section>\n\t\t\t\t<section class=\"elementor-section elementor-top-section elementor-element elementor-element-55be97b elementor-section-height-min-height elementor-section-boxed elementor-section-height-default elementor-section-items-middle exad-glass-effect-no exad-sticky-section-no\" data-id=\"55be97b\" data-element_type=\"section\">\n\t\t\t\t\t\t<div class=\"elementor-container elementor-column-gap-default\">\n\t\t\t\t\t<div class=\"elementor-column elementor-col-100 elementor-top-column elementor-element elementor-element-2232948 exad-glass-effect-no exad-sticky-section-no\" data-id=\"2232948\" data-element_type=\"column\">\n\t\t\t<div class=\"elementor-widget-wrap elementor-element-populated\">\n\t\t\t\t\t\t\t\t<div class=\"elementor-element elementor-element-cc41097 exad-sticky-section-no exad-glass-effect-no elementor-widget elementor-widget-text-editor\" data-id=\"cc41097\" data-element_type=\"widget\" data-widget_type=\"text-editor.default\">\n\t\t\t\t<div class=\"elementor-widget-container\">\n\t\t\t<style>\/*! elementor - v3.5.6 - 28-02-2022 *\/\n.elementor-widget-text-editor.elementor-drop-cap-view-stacked .elementor-drop-cap{background-color:#818a91;color:#fff}.elementor-widget-text-editor.elementor-drop-cap-view-framed .elementor-drop-cap{color:#818a91;border:3px solid;background-color:transparent}.elementor-widget-text-editor:not(.elementor-drop-cap-view-default) .elementor-drop-cap{margin-top:8px}.elementor-widget-text-editor:not(.elementor-drop-cap-view-default) .elementor-drop-cap-letter{width:1em;height:1em}.elementor-widget-text-editor .elementor-drop-cap{float:left;text-align:center;line-height:1;font-size:50px}.elementor-widget-text-editor .elementor-drop-cap-letter{display:inline-block}<\/style>\t\t\t\t<p class=\" translation-block\">Conception plus s\u00fbre sans gazoduc flottant r\u00e9duisant les risques de collision dus \u00e0 la circulation des bateaux sur le lac,\u00a0Syst\u00e8me plus propre utilisant du gaz renouvelable<br>Conception de production d'\u00e9lectricit\u00e9 rentable et efficace utilisant des g\u00e9n\u00e9rateurs \u00e0 deux cycles pour la production d'\u00e9lectricit\u00e9. <br><br>Purification de gaz sup\u00e9rieure utilisant une technologie \u00e9prouv\u00e9e, approvisionnement en eau potable des villages et villes environnants. Gestion efficace et efficiente des r\u00e9servoirs cumulatifs\u00a0D\u00e9veloppement responsable des ressources\u00a0Plans de capture et de s\u00e9questration du dioxyde de carbone.<br><\/p>\t\t\t\t\t\t<\/div>\n\t\t\t\t<\/div>\n\t\t\t\t\t<\/div>\n\t\t<\/div>\n\t\t\t\t\t\t\t<\/div>\n\t\t<\/section>\n\t\t\t\t\t\t<\/div>\n\t\t\t\t\t<\/div>","protected":false},"excerpt":{"rendered":"<p>Safer design without floating raw gas pipeline reducing collision risk due to boats traffic on the lake,&nbsp;Cleaner scheme using renewable gas Cost-effective and efficient power generation design using two-cycle generators for electricity production.&nbsp; Superior gas purification using proven technology, supply of potable water to surrounding villages and towns.&nbsp;Effective and efficient cumulative reservoir management&nbsp;Responsible resource development&nbsp;Carbon [&hellip;]<\/p>","protected":false},"author":1,"featured_media":0,"parent":0,"menu_order":0,"comment_status":"closed","ping_status":"closed","template":"elementor_header_footer","meta":[],"_links":{"self":[{"href":"https:\/\/alfajirienergy.com\/fr\/wp-json\/wp\/v2\/pages\/574"}],"collection":[{"href":"https:\/\/alfajirienergy.com\/fr\/wp-json\/wp\/v2\/pages"}],"about":[{"href":"https:\/\/alfajirienergy.com\/fr\/wp-json\/wp\/v2\/types\/page"}],"author":[{"embeddable":true,"href":"https:\/\/alfajirienergy.com\/fr\/wp-json\/wp\/v2\/users\/1"}],"replies":[{"embeddable":true,"href":"https:\/\/alfajirienergy.com\/fr\/wp-json\/wp\/v2\/comments?post=574"}],"version-history":[{"count":14,"href":"https:\/\/alfajirienergy.com\/fr\/wp-json\/wp\/v2\/pages\/574\/revisions"}],"predecessor-version":[{"id":2149,"href":"https:\/\/alfajirienergy.com\/fr\/wp-json\/wp\/v2\/pages\/574\/revisions\/2149"}],"wp:attachment":[{"href":"https:\/\/alfajirienergy.com\/fr\/wp-json\/wp\/v2\/media?parent=574"}],"curies":[{"name":"wp","href":"https:\/\/api.w.org\/{rel}","templated":true}]}}