{"id":572,"date":"2022-02-01T21:59:38","date_gmt":"2022-02-01T21:59:38","guid":{"rendered":"https:\/\/alfajirienergy.com\/?page_id=572"},"modified":"2024-01-13T12:52:16","modified_gmt":"2024-01-13T12:52:16","slug":"projects","status":"publish","type":"page","link":"https:\/\/alfajirienergy.com\/fr\/projects\/","title":{"rendered":"Projets"},"content":{"rendered":"<div data-elementor-type=\"wp-page\" data-elementor-id=\"572\" class=\"elementor elementor-572\" data-elementor-settings=\"[]\">\n\t\t\t\t\t\t\t<div class=\"elementor-section-wrap\">\n\t\t\t\t\t\t\t<section class=\"elementor-section elementor-top-section elementor-element elementor-element-9a714f7 elementor-section-height-min-height elementor-section-boxed elementor-section-height-default elementor-section-items-middle exad-glass-effect-no exad-sticky-section-no\" data-id=\"9a714f7\" data-element_type=\"section\" data-settings=\"{&quot;background_background&quot;:&quot;classic&quot;}\">\n\t\t\t\t\t\t<div class=\"elementor-container elementor-column-gap-default\">\n\t\t\t\t\t<div class=\"elementor-column elementor-col-100 elementor-top-column elementor-element elementor-element-c45e60d exad-sticky-section-no\" data-id=\"c45e60d\" data-element_type=\"column\">\n\t\t\t<div class=\"elementor-widget-wrap\">\n\t\t\t\t\t\t\t\t\t<\/div>\n\t\t<\/div>\n\t\t\t\t\t\t\t<\/div>\n\t\t<\/section>\n\t\t\t\t<section class=\"exad-link-anything-wrapper elementor-section elementor-top-section elementor-element elementor-element-6a7d19c elementor-section-boxed elementor-section-height-default elementor-section-height-default exad-glass-effect-no exad-sticky-section-no\" data-exad-element-link=\"{&quot;url&quot;:&quot;#elementor-action%3Aaction%3Dlightbox%26settings%3DeyJ1cmwiOiJodHRwOlwvXC9hbGZhamlyaWVuZXJneS5jb21cL3dwLWNvbnRlbnRcL3VwbG9hZHNcLzIwMjRcLzAxXC9Qcm9qZWN0LUxvY2F0aW9uLU1hcC1mb3Itd2Vic2l0ZS5wbmciLCJ0eXBlIjoiaW1hZ2UiLCJ0aXRsZSI6IlByb2plY3QgTG9jYXRpb24gTWFwIGZvciB3ZWJzaXRlIn0%3D&quot;,&quot;is_external&quot;:&quot;&quot;,&quot;nofollow&quot;:&quot;&quot;,&quot;custom_attributes&quot;:&quot;&quot;}\" style=\"cursor: pointer\" data-id=\"6a7d19c\" data-element_type=\"section\">\n\t\t\t\t\t\t<div class=\"elementor-container elementor-column-gap-default\">\n\t\t\t\t\t<div class=\"elementor-column elementor-col-100 elementor-top-column elementor-element elementor-element-ed28493 exad-glass-effect-no exad-sticky-section-no\" data-id=\"ed28493\" data-element_type=\"column\">\n\t\t\t<div class=\"elementor-widget-wrap\">\n\t\t\t\t\t\t\t\t\t<\/div>\n\t\t<\/div>\n\t\t\t\t\t\t\t<\/div>\n\t\t<\/section>\n\t\t\t\t<section class=\"elementor-section elementor-top-section elementor-element elementor-element-0ae3dce elementor-section-boxed elementor-section-height-default elementor-section-height-default exad-glass-effect-no exad-sticky-section-no\" data-id=\"0ae3dce\" data-element_type=\"section\">\n\t\t\t\t\t\t<div class=\"elementor-container elementor-column-gap-default\">\n\t\t\t\t\t<div class=\"elementor-column elementor-col-33 elementor-top-column elementor-element elementor-element-ec675a1 exad-glass-effect-no exad-sticky-section-no\" data-id=\"ec675a1\" data-element_type=\"column\">\n\t\t\t<div class=\"elementor-widget-wrap elementor-element-populated\">\n\t\t\t\t\t\t\t\t<div class=\"elementor-element elementor-element-00d70e6 exad-sticky-section-no exad-glass-effect-no elementor-widget elementor-widget-text-editor\" data-id=\"00d70e6\" data-element_type=\"widget\" data-widget_type=\"text-editor.default\">\n\t\t\t\t<div class=\"elementor-widget-container\">\n\t\t\t<style>\/*! elementor - v3.5.6 - 28-02-2022 *\/\n.elementor-widget-text-editor.elementor-drop-cap-view-stacked .elementor-drop-cap{background-color:#818a91;color:#fff}.elementor-widget-text-editor.elementor-drop-cap-view-framed .elementor-drop-cap{color:#818a91;border:3px solid;background-color:transparent}.elementor-widget-text-editor:not(.elementor-drop-cap-view-default) .elementor-drop-cap{margin-top:8px}.elementor-widget-text-editor:not(.elementor-drop-cap-view-default) .elementor-drop-cap-letter{width:1em;height:1em}.elementor-widget-text-editor .elementor-drop-cap{float:left;text-align:center;line-height:1;font-size:50px}.elementor-widget-text-editor .elementor-drop-cap-letter{display:inline-block}<\/style>\t\t\t\t<p><strong>La<\/strong><b>ke Kivu Project<\/b><\/p><p>Conception plus s\u00fbre sans gazoduc flottant r\u00e9duisant le risque de collision d\u00fb \u00e0 la circulation des bateaux sur le lac.<br \/><br \/>Un syst\u00e8me plus propre utilisant du gaz renouvelable.<br \/>Conception d'un syst\u00e8me de production d'\u00e9nergie rentable et efficace utilisant des g\u00e9n\u00e9rateurs \u00e0 deux cycles pour la production d'\u00e9lectricit\u00e9. <\/p><p>Purification sup\u00e9rieure des gaz gr\u00e2ce \u00e0 une technologie \u00e9prouv\u00e9e. <br \/>Fourniture d'eau potable aux villages et villes environnants.<\/p><p>Gestion efficace et efficiente des r\u00e9servoirs cumul\u00e9s.<br \/>Responsible resource development.<br \/>Carbon dioxide capture and sequestration plans.<\/p>\t\t\t\t\t\t<\/div>\n\t\t\t\t<\/div>\n\t\t\t\t\t<\/div>\n\t\t<\/div>\n\t\t\t\t<div class=\"elementor-column elementor-col-33 elementor-top-column elementor-element elementor-element-8776ef8 exad-glass-effect-no exad-sticky-section-no\" data-id=\"8776ef8\" data-element_type=\"column\">\n\t\t\t<div class=\"elementor-widget-wrap elementor-element-populated\">\n\t\t\t\t\t\t\t\t<div class=\"elementor-element elementor-element-33edea4 exad-sticky-section-no exad-glass-effect-no elementor-widget elementor-widget-image\" data-id=\"33edea4\" data-element_type=\"widget\" data-widget_type=\"image.default\">\n\t\t\t\t<div class=\"elementor-widget-container\">\n\t\t\t<style>\/*! elementor - v3.5.6 - 28-02-2022 *\/\n.elementor-widget-image{text-align:center}.elementor-widget-image a{display:inline-block}.elementor-widget-image a img[src$=\".svg\"]{width:48px}.elementor-widget-image img{vertical-align:middle;display:inline-block}<\/style>\t\t\t\t\t\t\t\t\t\t\t\t<img decoding=\"async\" width=\"768\" height=\"390\" src=\"https:\/\/alfajirienergy.com\/wp-content\/uploads\/2024\/01\/Project-Location-Map-for-website-768x390.png\" class=\"attachment-medium_large size-medium_large\" alt=\"\" loading=\"lazy\" srcset=\"https:\/\/alfajirienergy.com\/wp-content\/uploads\/2024\/01\/Project-Location-Map-for-website-768x390.png 768w, https:\/\/alfajirienergy.com\/wp-content\/uploads\/2024\/01\/Project-Location-Map-for-website-300x152.png 300w, https:\/\/alfajirienergy.com\/wp-content\/uploads\/2024\/01\/Project-Location-Map-for-website-1024x519.png 1024w, https:\/\/alfajirienergy.com\/wp-content\/uploads\/2024\/01\/Project-Location-Map-for-website-18x9.png 18w, https:\/\/alfajirienergy.com\/wp-content\/uploads\/2024\/01\/Project-Location-Map-for-website.png 1175w\" sizes=\"(max-width: 768px) 100vw, 768px\" \/>\t\t\t\t\t\t\t\t\t\t\t\t\t\t\t<\/div>\n\t\t\t\t<\/div>\n\t\t\t\t<div class=\"elementor-element elementor-element-de9bddd exad-sticky-section-no exad-glass-effect-no elementor-widget elementor-widget-exad-modal-popup\" data-id=\"de9bddd\" data-element_type=\"widget\" data-widget_type=\"exad-modal-popup.default\">\n\t\t\t\t<div class=\"elementor-widget-container\">\n\t\t\t\t\t\n\t\t<div class=\"exad-modal\">\n\t\t\t<div class=\"exad-modal-wrapper\">\n\n\t\t\t\t<div class=\"exad-modal-button exad-modal-btn-fixed-width-\">\n\t\t\t\t\t<a href=\"#\" class=\"exad-modal-image-action image-modal\" data-exad-modal=\"#exad-modal-de9bddd\" data-exad-overlay=\"yes\" >\n\t\t\t\t\t\t<span class=\"exad-modal-action-icon-left\">\n\t\t\t\t\t\t\t<i aria-hidden=\"true\" class=\"fas fa-map-marker-alt\"><\/i>Project Location map\t\t\t\t\t\t<\/span>\n\t\t\t\t\t<\/a>\n\t\t\t\t<\/div>\n\t\t\n\t\t\t\t<div id=\"exad-modal-de9bddd\" class=\"exad-modal-item modal-vimeo top-to-middle image exad-content-overflow-x-yes exad-content-overflow-y-yes\" >\n\t\t\t\t\t<div class=\"exad-modal-content\">\n\t\t\t\t\t\t<div class=\"exad-modal-element\">\n\t\t\t\t\t\t\t<img width=\"1175\" height=\"596\" src=\"https:\/\/alfajirienergy.com\/wp-content\/uploads\/2024\/01\/Project-Location-Map-for-website.png\" class=\"attachment-full size-full\" alt=\"\" decoding=\"async\" loading=\"lazy\" srcset=\"https:\/\/alfajirienergy.com\/wp-content\/uploads\/2024\/01\/Project-Location-Map-for-website.png 1175w, https:\/\/alfajirienergy.com\/wp-content\/uploads\/2024\/01\/Project-Location-Map-for-website-300x152.png 300w, https:\/\/alfajirienergy.com\/wp-content\/uploads\/2024\/01\/Project-Location-Map-for-website-1024x519.png 1024w, https:\/\/alfajirienergy.com\/wp-content\/uploads\/2024\/01\/Project-Location-Map-for-website-768x390.png 768w, https:\/\/alfajirienergy.com\/wp-content\/uploads\/2024\/01\/Project-Location-Map-for-website-18x9.png 18w\" sizes=\"(max-width: 1175px) 100vw, 1175px\" \/>\n\t\t\t\t\t\t\t<div class=\"exad-close-btn\">\n\t\t\t\t\t\t\t\t<span><\/span>\n\t\t\t\t\t\t\t<\/div>\n\n\t\t\t\t\t\t<\/div>\n\t\t\t\t\t<\/div>\n\t\t\t\t<\/div>\n\t\t\t<\/div>\n\t\t\t<div class=\"exad-modal-overlay\" data-exad_overlay_click_close=\"yes\"><\/div>\n\t\t<\/div>\n\t\t\t<\/div>\n\t\t\t\t<\/div>\n\t\t\t\t\t<\/div>\n\t\t<\/div>\n\t\t\t\t<div class=\"elementor-column elementor-col-33 elementor-top-column elementor-element elementor-element-4e0519e exad-glass-effect-no exad-sticky-section-no\" data-id=\"4e0519e\" data-element_type=\"column\">\n\t\t\t<div class=\"elementor-widget-wrap\">\n\t\t\t\t\t\t\t\t\t<\/div>\n\t\t<\/div>\n\t\t\t\t\t\t\t<\/div>\n\t\t<\/section>\n\t\t\t\t<section class=\"elementor-section elementor-top-section elementor-element elementor-element-c85377d elementor-section-boxed elementor-section-height-default elementor-section-height-default exad-glass-effect-no exad-sticky-section-no\" data-id=\"c85377d\" data-element_type=\"section\">\n\t\t\t\t\t\t<div class=\"elementor-container elementor-column-gap-default\">\n\t\t\t\t\t<div class=\"elementor-column elementor-col-100 elementor-top-column elementor-element elementor-element-d35e364 exad-glass-effect-no exad-sticky-section-no\" data-id=\"d35e364\" data-element_type=\"column\">\n\t\t\t<div class=\"elementor-widget-wrap elementor-element-populated\">\n\t\t\t\t\t\t\t\t<div class=\"elementor-element elementor-element-e85e5e0 exad-sticky-section-no exad-glass-effect-no elementor-widget elementor-widget-image\" data-id=\"e85e5e0\" data-element_type=\"widget\" data-widget_type=\"image.default\">\n\t\t\t\t<div class=\"elementor-widget-container\">\n\t\t\t\t\t\t\t\t\t\t\t\t\t\t\t<img decoding=\"async\" width=\"1372\" height=\"882\" src=\"https:\/\/alfajirienergy.com\/wp-content\/uploads\/2024\/01\/ALFAJIRI_ENERGY_CORP.png\" class=\"attachment-1536x1536 size-1536x1536\" alt=\"\" loading=\"lazy\" srcset=\"https:\/\/alfajirienergy.com\/wp-content\/uploads\/2024\/01\/ALFAJIRI_ENERGY_CORP.png 1372w, https:\/\/alfajirienergy.com\/wp-content\/uploads\/2024\/01\/ALFAJIRI_ENERGY_CORP-300x193.png 300w, https:\/\/alfajirienergy.com\/wp-content\/uploads\/2024\/01\/ALFAJIRI_ENERGY_CORP-1024x658.png 1024w, https:\/\/alfajirienergy.com\/wp-content\/uploads\/2024\/01\/ALFAJIRI_ENERGY_CORP-768x494.png 768w, https:\/\/alfajirienergy.com\/wp-content\/uploads\/2024\/01\/ALFAJIRI_ENERGY_CORP-18x12.png 18w\" sizes=\"(max-width: 1372px) 100vw, 1372px\" \/>\t\t\t\t\t\t\t\t\t\t\t\t\t\t\t<\/div>\n\t\t\t\t<\/div>\n\t\t\t\t<div class=\"elementor-element elementor-element-db259d0 exad-sticky-section-no exad-glass-effect-no elementor-widget elementor-widget-exad-modal-popup\" data-id=\"db259d0\" data-element_type=\"widget\" data-widget_type=\"exad-modal-popup.default\">\n\t\t\t\t<div class=\"elementor-widget-container\">\n\t\t\t\t\t\n\t\t<div class=\"exad-modal\">\n\t\t\t<div class=\"exad-modal-wrapper\">\n\n\t\t\t\t<div class=\"exad-modal-button exad-modal-btn-fixed-width-\">\n\t\t\t\t\t<a href=\"#\" class=\"exad-modal-image-action image-modal\" data-exad-modal=\"#exad-modal-db259d0\" data-exad-overlay=\"yes\" >\n\t\t\t\t\t\t<span class=\"exad-modal-action-icon-left\">\n\t\t\t\t\t\t\t<i aria-hidden=\"true\" class=\"feather icon-zoom-in\"><\/i>Lwandjofu Project Conceptual Gas to Power Plan\t\t\t\t\t\t<\/span>\n\t\t\t\t\t<\/a>\n\t\t\t\t<\/div>\n\t\t\n\t\t\t\t<div id=\"exad-modal-db259d0\" class=\"exad-modal-item modal-vimeo top-to-middle image exad-content-overflow-x-yes exad-content-overflow-y-yes\" >\n\t\t\t\t\t<div class=\"exad-modal-content\">\n\t\t\t\t\t\t<div class=\"exad-modal-element\">\n\t\t\t\t\t\t\t<img width=\"1372\" height=\"882\" src=\"https:\/\/alfajirienergy.com\/wp-content\/uploads\/2024\/01\/ALFAJIRI_ENERGY_CORP.png\" class=\"attachment-2048x2048 size-2048x2048\" alt=\"\" decoding=\"async\" loading=\"lazy\" srcset=\"https:\/\/alfajirienergy.com\/wp-content\/uploads\/2024\/01\/ALFAJIRI_ENERGY_CORP.png 1372w, https:\/\/alfajirienergy.com\/wp-content\/uploads\/2024\/01\/ALFAJIRI_ENERGY_CORP-300x193.png 300w, https:\/\/alfajirienergy.com\/wp-content\/uploads\/2024\/01\/ALFAJIRI_ENERGY_CORP-1024x658.png 1024w, https:\/\/alfajirienergy.com\/wp-content\/uploads\/2024\/01\/ALFAJIRI_ENERGY_CORP-768x494.png 768w, https:\/\/alfajirienergy.com\/wp-content\/uploads\/2024\/01\/ALFAJIRI_ENERGY_CORP-18x12.png 18w\" sizes=\"(max-width: 1372px) 100vw, 1372px\" \/>\n\t\t\t\t\t\t\t<div class=\"exad-close-btn\">\n\t\t\t\t\t\t\t\t<span><\/span>\n\t\t\t\t\t\t\t<\/div>\n\n\t\t\t\t\t\t<\/div>\n\t\t\t\t\t<\/div>\n\t\t\t\t<\/div>\n\t\t\t<\/div>\n\t\t\t<div class=\"exad-modal-overlay\" data-exad_overlay_click_close=\"yes\"><\/div>\n\t\t<\/div>\n\t\t\t<\/div>\n\t\t\t\t<\/div>\n\t\t\t\t<div class=\"elementor-element elementor-element-c6fc6d2 exad-sticky-section-no exad-glass-effect-no elementor-widget elementor-widget-image\" data-id=\"c6fc6d2\" data-element_type=\"widget\" data-widget_type=\"image.default\">\n\t\t\t\t<div class=\"elementor-widget-container\">\n\t\t\t\t\t\t\t\t\t\t\t\t\t\t\t<img decoding=\"async\" width=\"1500\" height=\"652\" src=\"https:\/\/alfajirienergy.com\/wp-content\/uploads\/2024\/01\/cenceptual_view.png\" class=\"attachment-1536x1536 size-1536x1536\" alt=\"\" loading=\"lazy\" srcset=\"https:\/\/alfajirienergy.com\/wp-content\/uploads\/2024\/01\/cenceptual_view.png 1500w, https:\/\/alfajirienergy.com\/wp-content\/uploads\/2024\/01\/cenceptual_view-300x130.png 300w, https:\/\/alfajirienergy.com\/wp-content\/uploads\/2024\/01\/cenceptual_view-1024x445.png 1024w, https:\/\/alfajirienergy.com\/wp-content\/uploads\/2024\/01\/cenceptual_view-768x334.png 768w, https:\/\/alfajirienergy.com\/wp-content\/uploads\/2024\/01\/cenceptual_view-18x8.png 18w\" sizes=\"(max-width: 1500px) 100vw, 1500px\" \/>\t\t\t\t\t\t\t\t\t\t\t\t\t\t\t<\/div>\n\t\t\t\t<\/div>\n\t\t\t\t<div class=\"elementor-element elementor-element-bdbb9d3 exad-sticky-section-no exad-glass-effect-no elementor-widget elementor-widget-exad-modal-popup\" data-id=\"bdbb9d3\" data-element_type=\"widget\" data-widget_type=\"exad-modal-popup.default\">\n\t\t\t\t<div class=\"elementor-widget-container\">\n\t\t\t\t\t\n\t\t<div class=\"exad-modal\">\n\t\t\t<div class=\"exad-modal-wrapper\">\n\n\t\t\t\t<div class=\"exad-modal-button exad-modal-btn-fixed-width-\">\n\t\t\t\t\t<a href=\"#\" class=\"exad-modal-image-action image-modal\" data-exad-modal=\"#exad-modal-bdbb9d3\" data-exad-overlay=\"yes\" >\n\t\t\t\t\t\t<span class=\"exad-modal-action-icon-left\">\n\t\t\t\t\t\t\t<i aria-hidden=\"true\" class=\"feather icon-zoom-in\"><\/i>Lwandjofu Project Conceptual Plan View from the Lake\t\t\t\t\t\t<\/span>\n\t\t\t\t\t<\/a>\n\t\t\t\t<\/div>\n\t\t\n\t\t\t\t<div id=\"exad-modal-bdbb9d3\" class=\"exad-modal-item modal-vimeo top-to-middle image exad-content-overflow-x-yes exad-content-overflow-y-yes\" >\n\t\t\t\t\t<div class=\"exad-modal-content\">\n\t\t\t\t\t\t<div class=\"exad-modal-element\">\n\t\t\t\t\t\t\t<img width=\"1500\" height=\"652\" src=\"https:\/\/alfajirienergy.com\/wp-content\/uploads\/2024\/01\/cenceptual_view.png\" class=\"attachment-2048x2048 size-2048x2048\" alt=\"\" decoding=\"async\" loading=\"lazy\" srcset=\"https:\/\/alfajirienergy.com\/wp-content\/uploads\/2024\/01\/cenceptual_view.png 1500w, https:\/\/alfajirienergy.com\/wp-content\/uploads\/2024\/01\/cenceptual_view-300x130.png 300w, https:\/\/alfajirienergy.com\/wp-content\/uploads\/2024\/01\/cenceptual_view-1024x445.png 1024w, https:\/\/alfajirienergy.com\/wp-content\/uploads\/2024\/01\/cenceptual_view-768x334.png 768w, https:\/\/alfajirienergy.com\/wp-content\/uploads\/2024\/01\/cenceptual_view-18x8.png 18w\" sizes=\"(max-width: 1500px) 100vw, 1500px\" \/>\n\t\t\t\t\t\t\t<div class=\"exad-close-btn\">\n\t\t\t\t\t\t\t\t<span><\/span>\n\t\t\t\t\t\t\t<\/div>\n\n\t\t\t\t\t\t<\/div>\n\t\t\t\t\t<\/div>\n\t\t\t\t<\/div>\n\t\t\t<\/div>\n\t\t\t<div class=\"exad-modal-overlay\" data-exad_overlay_click_close=\"yes\"><\/div>\n\t\t<\/div>\n\t\t\t<\/div>\n\t\t\t\t<\/div>\n\t\t\t\t\t<\/div>\n\t\t<\/div>\n\t\t\t\t\t\t\t<\/div>\n\t\t<\/section>\n\t\t\t\t<section class=\"elementor-section elementor-top-section elementor-element elementor-element-46288cf elementor-section-boxed elementor-section-height-default elementor-section-height-default exad-glass-effect-no exad-sticky-section-no\" data-id=\"46288cf\" data-element_type=\"section\">\n\t\t\t\t\t\t<div class=\"elementor-container elementor-column-gap-default\">\n\t\t\t\t\t<div class=\"elementor-column elementor-col-100 elementor-top-column elementor-element elementor-element-2c969c8 exad-glass-effect-no exad-sticky-section-no\" data-id=\"2c969c8\" data-element_type=\"column\">\n\t\t\t<div class=\"elementor-widget-wrap elementor-element-populated\">\n\t\t\t\t\t\t\t\t<div class=\"elementor-element elementor-element-536d48b exad-sticky-section-no exad-glass-effect-no elementor-widget elementor-widget-image\" data-id=\"536d48b\" data-element_type=\"widget\" data-widget_type=\"image.default\">\n\t\t\t\t<div class=\"elementor-widget-container\">\n\t\t\t\t\t\t\t\t\t\t\t\t\t\t\t<img decoding=\"async\" width=\"1000\" height=\"497\" src=\"https:\/\/alfajirienergy.com\/wp-content\/uploads\/2024\/01\/conceptual_view_lake.png\" class=\"attachment-1536x1536 size-1536x1536\" alt=\"\" loading=\"lazy\" srcset=\"https:\/\/alfajirienergy.com\/wp-content\/uploads\/2024\/01\/conceptual_view_lake.png 1000w, https:\/\/alfajirienergy.com\/wp-content\/uploads\/2024\/01\/conceptual_view_lake-300x149.png 300w, https:\/\/alfajirienergy.com\/wp-content\/uploads\/2024\/01\/conceptual_view_lake-768x382.png 768w, https:\/\/alfajirienergy.com\/wp-content\/uploads\/2024\/01\/conceptual_view_lake-18x9.png 18w\" sizes=\"(max-width: 1000px) 100vw, 1000px\" \/>\t\t\t\t\t\t\t\t\t\t\t\t\t\t\t<\/div>\n\t\t\t\t<\/div>\n\t\t\t\t<div class=\"elementor-element elementor-element-d4cf689 exad-sticky-section-no exad-glass-effect-no elementor-widget elementor-widget-exad-modal-popup\" data-id=\"d4cf689\" data-element_type=\"widget\" data-widget_type=\"exad-modal-popup.default\">\n\t\t\t\t<div class=\"elementor-widget-container\">\n\t\t\t\t\t\n\t\t<div class=\"exad-modal\">\n\t\t\t<div class=\"exad-modal-wrapper\">\n\n\t\t\t\t<div class=\"exad-modal-button exad-modal-btn-fixed-width-\">\n\t\t\t\t\t<a href=\"#\" class=\"exad-modal-image-action image-modal\" data-exad-modal=\"#exad-modal-d4cf689\" data-exad-overlay=\"yes\" >\n\t\t\t\t\t\t<span class=\"exad-modal-action-icon-left\">\n\t\t\t\t\t\t\t<i aria-hidden=\"true\" class=\"feather icon-zoom-in\"><\/i>Lwandjofu Project Conceptual Plan View from Above\t\t\t\t\t\t<\/span>\n\t\t\t\t\t<\/a>\n\t\t\t\t<\/div>\n\t\t\n\t\t\t\t<div id=\"exad-modal-d4cf689\" class=\"exad-modal-item modal-vimeo top-to-middle image exad-content-overflow-x-yes exad-content-overflow-y-yes\" >\n\t\t\t\t\t<div class=\"exad-modal-content\">\n\t\t\t\t\t\t<div class=\"exad-modal-element\">\n\t\t\t\t\t\t\t<img width=\"1000\" height=\"497\" src=\"https:\/\/alfajirienergy.com\/wp-content\/uploads\/2024\/01\/conceptual_view_lake.png\" class=\"attachment-2048x2048 size-2048x2048\" alt=\"\" decoding=\"async\" loading=\"lazy\" srcset=\"https:\/\/alfajirienergy.com\/wp-content\/uploads\/2024\/01\/conceptual_view_lake.png 1000w, https:\/\/alfajirienergy.com\/wp-content\/uploads\/2024\/01\/conceptual_view_lake-300x149.png 300w, https:\/\/alfajirienergy.com\/wp-content\/uploads\/2024\/01\/conceptual_view_lake-768x382.png 768w, https:\/\/alfajirienergy.com\/wp-content\/uploads\/2024\/01\/conceptual_view_lake-18x9.png 18w\" sizes=\"(max-width: 1000px) 100vw, 1000px\" \/>\n\t\t\t\t\t\t\t<div class=\"exad-close-btn\">\n\t\t\t\t\t\t\t\t<span><\/span>\n\t\t\t\t\t\t\t<\/div>\n\n\t\t\t\t\t\t<\/div>\n\t\t\t\t\t<\/div>\n\t\t\t\t<\/div>\n\t\t\t<\/div>\n\t\t\t<div class=\"exad-modal-overlay\" data-exad_overlay_click_close=\"yes\"><\/div>\n\t\t<\/div>\n\t\t\t<\/div>\n\t\t\t\t<\/div>\n\t\t\t\t\t<\/div>\n\t\t<\/div>\n\t\t\t\t\t\t\t<\/div>\n\t\t<\/section>\n\t\t\t\t<section class=\"elementor-section elementor-top-section elementor-element elementor-element-49a0ebd elementor-section-boxed elementor-section-height-default elementor-section-height-default exad-glass-effect-no exad-sticky-section-no\" data-id=\"49a0ebd\" data-element_type=\"section\">\n\t\t\t\t\t\t<div class=\"elementor-container elementor-column-gap-default\">\n\t\t\t\t\t<div class=\"elementor-column elementor-col-100 elementor-top-column elementor-element elementor-element-f8541af exad-glass-effect-no exad-sticky-section-no\" data-id=\"f8541af\" data-element_type=\"column\">\n\t\t\t<div class=\"elementor-widget-wrap elementor-element-populated\">\n\t\t\t\t\t\t\t\t<div class=\"elementor-element elementor-element-9ef3d21 exad-sticky-section-no exad-glass-effect-no elementor-widget elementor-widget-image\" data-id=\"9ef3d21\" data-element_type=\"widget\" data-widget_type=\"image.default\">\n\t\t\t\t<div class=\"elementor-widget-container\">\n\t\t\t\t\t\t\t\t\t\t\t\t\t\t\t<img decoding=\"async\" width=\"1000\" height=\"434\" src=\"https:\/\/alfajirienergy.com\/wp-content\/uploads\/2024\/01\/gas_conceptual.png\" class=\"attachment-1536x1536 size-1536x1536\" alt=\"\" loading=\"lazy\" srcset=\"https:\/\/alfajirienergy.com\/wp-content\/uploads\/2024\/01\/gas_conceptual.png 1000w, https:\/\/alfajirienergy.com\/wp-content\/uploads\/2024\/01\/gas_conceptual-300x130.png 300w, https:\/\/alfajirienergy.com\/wp-content\/uploads\/2024\/01\/gas_conceptual-768x333.png 768w, https:\/\/alfajirienergy.com\/wp-content\/uploads\/2024\/01\/gas_conceptual-18x8.png 18w\" sizes=\"(max-width: 1000px) 100vw, 1000px\" \/>\t\t\t\t\t\t\t\t\t\t\t\t\t\t\t<\/div>\n\t\t\t\t<\/div>\n\t\t\t\t<div class=\"elementor-element elementor-element-1f663d5 exad-sticky-section-no exad-glass-effect-no elementor-widget elementor-widget-exad-modal-popup\" data-id=\"1f663d5\" data-element_type=\"widget\" data-widget_type=\"exad-modal-popup.default\">\n\t\t\t\t<div class=\"elementor-widget-container\">\n\t\t\t\t\t\n\t\t<div class=\"exad-modal\">\n\t\t\t<div class=\"exad-modal-wrapper\">\n\n\t\t\t\t<div class=\"exad-modal-button exad-modal-btn-fixed-width-\">\n\t\t\t\t\t<a href=\"#\" class=\"exad-modal-image-action image-modal\" data-exad-modal=\"#exad-modal-1f663d5\" data-exad-overlay=\"yes\" >\n\t\t\t\t\t\t<span class=\"exad-modal-action-icon-left\">\n\t\t\t\t\t\t\t<i aria-hidden=\"true\" class=\"feather icon-zoom-in\"><\/i>Lwandjofu Project Gas to Power Conceptual Plan View from Above\t\t\t\t\t\t<\/span>\n\t\t\t\t\t<\/a>\n\t\t\t\t<\/div>\n\t\t\n\t\t\t\t<div id=\"exad-modal-1f663d5\" class=\"exad-modal-item modal-vimeo top-to-middle image exad-content-overflow-x-yes exad-content-overflow-y-yes\" >\n\t\t\t\t\t<div class=\"exad-modal-content\">\n\t\t\t\t\t\t<div class=\"exad-modal-element\">\n\t\t\t\t\t\t\t<img width=\"1000\" height=\"434\" src=\"https:\/\/alfajirienergy.com\/wp-content\/uploads\/2024\/01\/gas_conceptual.png\" class=\"attachment-2048x2048 size-2048x2048\" alt=\"\" decoding=\"async\" loading=\"lazy\" srcset=\"https:\/\/alfajirienergy.com\/wp-content\/uploads\/2024\/01\/gas_conceptual.png 1000w, https:\/\/alfajirienergy.com\/wp-content\/uploads\/2024\/01\/gas_conceptual-300x130.png 300w, https:\/\/alfajirienergy.com\/wp-content\/uploads\/2024\/01\/gas_conceptual-768x333.png 768w, https:\/\/alfajirienergy.com\/wp-content\/uploads\/2024\/01\/gas_conceptual-18x8.png 18w\" sizes=\"(max-width: 1000px) 100vw, 1000px\" \/>\n\t\t\t\t\t\t\t<div class=\"exad-close-btn\">\n\t\t\t\t\t\t\t\t<span><\/span>\n\t\t\t\t\t\t\t<\/div>\n\n\t\t\t\t\t\t<\/div>\n\t\t\t\t\t<\/div>\n\t\t\t\t<\/div>\n\t\t\t<\/div>\n\t\t\t<div class=\"exad-modal-overlay\" data-exad_overlay_click_close=\"yes\"><\/div>\n\t\t<\/div>\n\t\t\t<\/div>\n\t\t\t\t<\/div>\n\t\t\t\t\t<\/div>\n\t\t<\/div>\n\t\t\t\t\t\t\t<\/div>\n\t\t<\/section>\n\t\t\t\t\t\t<\/div>\n\t\t\t\t\t<\/div>","protected":false},"excerpt":{"rendered":"<p>Lake Kivu Project Safer design without floating raw gas pipeline reducing collision risk due to boats traffic on the lake. Cleaner scheme using renewable gas.Cost-effective and efficient power generation design using two-cycle generators for electricity production. Superior gas purification process using proven technology. Supply of potable water to surrounding villages and towns. Effective and efficient [&hellip;]<\/p>","protected":false},"author":1,"featured_media":0,"parent":0,"menu_order":0,"comment_status":"closed","ping_status":"closed","template":"elementor_header_footer","meta":[],"_links":{"self":[{"href":"https:\/\/alfajirienergy.com\/fr\/wp-json\/wp\/v2\/pages\/572"}],"collection":[{"href":"https:\/\/alfajirienergy.com\/fr\/wp-json\/wp\/v2\/pages"}],"about":[{"href":"https:\/\/alfajirienergy.com\/fr\/wp-json\/wp\/v2\/types\/page"}],"author":[{"embeddable":true,"href":"https:\/\/alfajirienergy.com\/fr\/wp-json\/wp\/v2\/users\/1"}],"replies":[{"embeddable":true,"href":"https:\/\/alfajirienergy.com\/fr\/wp-json\/wp\/v2\/comments?post=572"}],"version-history":[{"count":163,"href":"https:\/\/alfajirienergy.com\/fr\/wp-json\/wp\/v2\/pages\/572\/revisions"}],"predecessor-version":[{"id":2282,"href":"https:\/\/alfajirienergy.com\/fr\/wp-json\/wp\/v2\/pages\/572\/revisions\/2282"}],"wp:attachment":[{"href":"https:\/\/alfajirienergy.com\/fr\/wp-json\/wp\/v2\/media?parent=572"}],"curies":[{"name":"wp","href":"https:\/\/api.w.org\/{rel}","templated":true}]}}