{"id":1815,"date":"2023-03-19T22:31:30","date_gmt":"2023-03-19T22:31:30","guid":{"rendered":"https:\/\/alfajirienergy.com\/?page_id=1815"},"modified":"2023-11-06T16:38:15","modified_gmt":"2023-11-06T16:38:15","slug":"news","status":"publish","type":"page","link":"https:\/\/alfajirienergy.com\/fr\/news\/","title":{"rendered":""},"content":{"rendered":"<div data-elementor-type=\"wp-page\" data-elementor-id=\"1815\" class=\"elementor elementor-1815\" data-elementor-settings=\"[]\">\n\t\t\t\t\t\t\t<div class=\"elementor-section-wrap\">\n\t\t\t\t\t\t\t<section class=\"elementor-section elementor-top-section elementor-element elementor-element-69582b7e elementor-section-boxed elementor-section-height-default elementor-section-height-default exad-glass-effect-no exad-sticky-section-no\" data-id=\"69582b7e\" data-element_type=\"section\" data-settings=\"{&quot;background_background&quot;:&quot;classic&quot;,&quot;shape_divider_top&quot;:&quot;mountains&quot;}\">\n\t\t\t\t\t<div class=\"elementor-shape elementor-shape-top\" data-negative=\"false\">\n\t\t\t<svg xmlns=\"http:\/\/www.w3.org\/2000\/svg\" viewbox=\"0 0 1000 100\" preserveaspectratio=\"none\">\n\t<path class=\"elementor-shape-fill\" opacity=\"0.33\" d=\"M473,67.3c-203.9,88.3-263.1-34-320.3,0C66,119.1,0,59.7,0,59.7V0h1000v59.7 c0,0-62.1,26.1-94.9,29.3c-32.8,3.3-62.8-12.3-75.8-22.1C806,49.6,745.3,8.7,694.9,4.7S492.4,59,473,67.3z\"\/>\n\t<path class=\"elementor-shape-fill\" opacity=\"0.66\" d=\"M734,67.3c-45.5,0-77.2-23.2-129.1-39.1c-28.6-8.7-150.3-10.1-254,39.1 s-91.7-34.4-149.2,0C115.7,118.3,0,39.8,0,39.8V0h1000v36.5c0,0-28.2-18.5-92.1-18.5C810.2,18.1,775.7,67.3,734,67.3z\"\/>\n\t<path class=\"elementor-shape-fill\" d=\"M766.1,28.9c-200-57.5-266,65.5-395.1,19.5C242,1.8,242,5.4,184.8,20.6C128,35.8,132.3,44.9,89.9,52.5C28.6,63.7,0,0,0,0 h1000c0,0-9.9,40.9-83.6,48.1S829.6,47,766.1,28.9z\"\/>\n<\/svg>\t\t<\/div>\n\t\t\t\t\t<div class=\"elementor-container elementor-column-gap-default\">\n\t\t\t\t\t<div class=\"elementor-column elementor-col-100 elementor-top-column elementor-element elementor-element-190d2bd9 exad-glass-effect-no exad-sticky-section-no\" data-id=\"190d2bd9\" data-element_type=\"column\">\n\t\t\t<div class=\"elementor-widget-wrap elementor-element-populated\">\n\t\t\t\t\t\t\t\t<section class=\"elementor-section elementor-inner-section elementor-element elementor-element-1ec3d192 elementor-section-boxed elementor-section-height-default elementor-section-height-default exad-glass-effect-no exad-sticky-section-no\" data-id=\"1ec3d192\" data-element_type=\"section\">\n\t\t\t\t\t\t<div class=\"elementor-container elementor-column-gap-default\">\n\t\t\t\t\t<div class=\"elementor-column elementor-col-100 elementor-inner-column elementor-element elementor-element-38b56be2 exad-glass-effect-no exad-sticky-section-no\" data-id=\"38b56be2\" data-element_type=\"column\">\n\t\t\t<div class=\"elementor-widget-wrap elementor-element-populated\">\n\t\t\t\t\t\t\t\t<div class=\"elementor-element elementor-element-54718be7 exad-sticky-section-no exad-glass-effect-no elementor-widget elementor-widget-exad-exclusive-accordion\" data-id=\"54718be7\" data-element_type=\"widget\" data-widget_type=\"exad-exclusive-accordion.default\">\n\t\t\t\t<div class=\"elementor-widget-container\">\n\t\t\t    \n        <div class=\"exad-accordion-items\">\n        \t\n                <div class=\"exad-accordion-single-item elementor-repeater-item-98a0078\">\n                    <div class=\"exad-accordion-title active-default\">\n\n\t\t\t\t\t\t\t\t\t\t\t\t\t<span class=\"exad-tab-title-icon\">\n\t\t\t\t\t\t\t\t<i aria-hidden=\"true\" class=\"teenyicon ti-contract\"><\/i>\t\t\t\t\t\t\t<\/span>\n\t\t\t\t\t\t\n                        <h3 class=\"exad-accordion-heading\">Alfajiri Energy s'associe aux deux meilleures universit\u00e9s du Sud-Kivu pour promouvoir l'\u00e9nergie durable et soutenir les talents locaux.<\/h3>\n\n                                                    <div class=\"exad-active-inactive-icon\">\n                                                                    <span class=\"exad-active-icon\">\n                                        <i aria-hidden=\"true\" class=\"fas fa-minus\"><\/i>                                    <\/span>                            \n                                                                                                    <span class=\"exad-inactive-icon\">\n                                        <i aria-hidden=\"true\" class=\"fas fa-plus\"><\/i>                                    <\/span>\n                                                            <\/div>\n                                            <\/div>\n\n                    <div class=\"exad-accordion-content\">\n                        <div class=\"exad-accordion-content-wrapper has-image-no image-position-right\">\n                            <div class=\"exad-accordion-text\">\n                                <div> <h5>Alfajiri Energy Corporation a le plaisir d'annoncer un partenariat cl\u00e9 avec deux (2) des plus importantes universit\u00e9s de la r\u00e9gion du Sud-Kivu, en occurrence l\u2019Universit\u00e9 Officielle de Bukavu (UOB) and l\u2019Universit\u00e9 Evang\u00e9lique en Afrique (UEA).<br \/>Ce mouvement strat\u00e9gique refl\u00e8te l'engagement d'Alfajiri Energy \u00e0 encourager les talents locaux et \u00e0 cr\u00e9er des opportunit\u00e9s d'emploi au sein de la communaut\u00e9.<br \/><br \/>Le partenariat servira de tremplin crucial pour le d\u00e9veloppement du Sud-Kivu et de ses r\u00e9gions environnantes.<br \/>Alfajiri Energy est impatiente de collaborer avec les universit\u00e9s et de tirer parti de leur expertise pour d\u00e9velopper sa concession de Lwandjofu sur le lac Kivu et, par cons\u00e9quent, de construire des projets qui ont un impact positif sur l'\u00e9conomie locale.<br \/>Le partenariat avec les universit\u00e9s renforcera la position d'Alfajiri Energy en tant que leader dans la r\u00e9gion et en RDC, \u00e9tablissant une nouvelle norme en mati\u00e8re de responsabilit\u00e9 sociale des entreprises et d'engagement communautaire.<br \/><br \/>Le pr\u00e9sident-directeur g\u00e9n\u00e9ral d'Alfajiri Energy, M. Christian Hamuli, a exprim\u00e9 son enthousiasme pour ce partenariat en d\u00e9clarant : <em>\"We are thrilled to partner with these two big universities to further our mission of creating sustainable, long-term economic opportunities in the South Kivu region. We believe that by investing in local talents and fostering a strong sense of community, we can drive positive change and help build a brighter future for the region\".<\/em><br \/><br \/>Dans l'ensemble, le partenariat entre Alfajiri Energy et les universit\u00e9s est une \u00e9tape importante pour la r\u00e9gion, et nous sommes impatients de voir l'impact positif qu'il aura sur la communaut\u00e9 locale.<\/h5><\/div>\n                                                            <\/div>\n\n                            \n                        <\/div>\n                    <\/div>\n                <\/div>\n                            \n                <div class=\"exad-accordion-single-item elementor-repeater-item-ae4417e\">\n                    <div class=\"exad-accordion-title active-default\">\n\n\t\t\t\t\t\t\t\t\t\t\t\t\t<span class=\"exad-tab-title-icon\">\n\t\t\t\t\t\t\t\t<i aria-hidden=\"true\" class=\"fas fa-business-time\"><\/i>\t\t\t\t\t\t\t<\/span>\n\t\t\t\t\t\t\n                        <h3 class=\"exad-accordion-heading\">Attribution de trois blocs gazier du Lac Kivu<\/h3>\n\n                                                    <div class=\"exad-active-inactive-icon\">\n                                                                    <span class=\"exad-active-icon\">\n                                        <i aria-hidden=\"true\" class=\"fas fa-minus\"><\/i>                                    <\/span>                            \n                                                                                                    <span class=\"exad-inactive-icon\">\n                                        <i aria-hidden=\"true\" class=\"fas fa-plus\"><\/i>                                    <\/span>\n                                                            <\/div>\n                                            <\/div>\n\n                    <div class=\"exad-accordion-content\">\n                        <div class=\"exad-accordion-content-wrapper has-image-no image-position-right\">\n                            <div class=\"exad-accordion-text\">\n                                <div> <h5>Kinshasa, le 20 janvier 2023 \u2013 Le ministre des Hydrocarbures, Didier Budimbu, a annonc\u00e9 dans un communiqu\u00e9 datant du lundi 16 janvier 2023, que trois soci\u00e9t\u00e9s avaient \u00e9t\u00e9 s\u00e9lectionn\u00e9es pour exploiter trois blocs gaziers du Lac Kivu.<\/h5><h5>Il s\u2019agit :<\/h5><ul><li><h5>Symbion Power &amp; Red pour le Bloc Makelele<\/h5><\/li><li><h5>Alfajiri Energy Corporation pour le Bloc Lwandjofu<\/h5><\/li><li><h5>Winds Eploration and Production, LLC. pour le Bloc Idjwi.<\/h5><\/li><\/ul><\/div>\n                                \t\t\t\t\t\t\t\t\t\t\t\t\t\t\t\t\t\t    \t\t\t\t\t\t\t\t\t    \t\t\t\t\t\t\t\t\t        \t\t\t\t\t\t\t\t\t    \t\t\t\t\t\t\t\t\t    \t\t\t\t\t\t\t\t\t                                                                            <div class=\"exad-accordion-button\">\n                                            <a href=\"https:\/\/www.itierdc.net\/attribution-de-trois-blocs-gazier-du-lac-kivu\/\" target=\"_blank\">\n                                            \tPoursuivre la lecture                                            <\/a>\n                                        <\/div> \n                                                                                                <\/div>\n\n                            \n                        <\/div>\n                    <\/div>\n                <\/div>\n                                                <\/div>\n\t\t\t<\/div>\n\t\t\t\t<\/div>\n\t\t\t\t\t<\/div>\n\t\t<\/div>\n\t\t\t\t\t\t\t<\/div>\n\t\t<\/section>\n\t\t\t\t\t<\/div>\n\t\t<\/div>\n\t\t\t\t\t\t\t<\/div>\n\t\t<\/section>\n\t\t\t\t\t\t<\/div>\n\t\t\t\t\t<\/div>","protected":false},"excerpt":{"rendered":"<p>Alfajiri Energy partners with top two South- Kivu universities to promote sustainable energy and support local talents Alfajiri Energy Corporation, is pleased to announce an exciting partnership with two (2) of the most prominent universities in South-Kivu region, mainly Universit\u00e9 Officielle de Bukavu (UOB) and Universit\u00e9 Evang\u00e9lique en Afrique (UEA). This strategic move reflects Alfajiri [&hellip;]<\/p>","protected":false},"author":1,"featured_media":0,"parent":0,"menu_order":0,"comment_status":"closed","ping_status":"closed","template":"","meta":[],"_links":{"self":[{"href":"https:\/\/alfajirienergy.com\/fr\/wp-json\/wp\/v2\/pages\/1815"}],"collection":[{"href":"https:\/\/alfajirienergy.com\/fr\/wp-json\/wp\/v2\/pages"}],"about":[{"href":"https:\/\/alfajirienergy.com\/fr\/wp-json\/wp\/v2\/types\/page"}],"author":[{"embeddable":true,"href":"https:\/\/alfajirienergy.com\/fr\/wp-json\/wp\/v2\/users\/1"}],"replies":[{"embeddable":true,"href":"https:\/\/alfajirienergy.com\/fr\/wp-json\/wp\/v2\/comments?post=1815"}],"version-history":[{"count":43,"href":"https:\/\/alfajirienergy.com\/fr\/wp-json\/wp\/v2\/pages\/1815\/revisions"}],"predecessor-version":[{"id":1998,"href":"https:\/\/alfajirienergy.com\/fr\/wp-json\/wp\/v2\/pages\/1815\/revisions\/1998"}],"wp:attachment":[{"href":"https:\/\/alfajirienergy.com\/fr\/wp-json\/wp\/v2\/media?parent=1815"}],"curies":[{"name":"wp","href":"https:\/\/api.w.org\/{rel}","templated":true}]}}